{"id":701,"date":"2015-05-19T22:07:02","date_gmt":"2015-05-19T20:07:02","guid":{"rendered":"http:\/\/www.radschlag.at\/slowakei-2\/"},"modified":"2015-07-12T17:17:48","modified_gmt":"2015-07-12T15:17:48","slug":"slovakia","status":"publish","type":"page","link":"http:\/\/www.radschlag.at\/en\/slovakia\/","title":{"rendered":"Slovakia"},"content":{"rendered":"<p>&nbsp;<\/p>\n<p><iframe loading=\"lazy\" src=\"https:\/\/www.youtube.com\/embed\/J5YhwPXgrc4\" width=\"1280\" height=\"440\" frameborder=\"0\" allowfullscreen=\"allowfullscreen\"><\/iframe><\/p>\n<div id=\"attachment_706\" style=\"width: 1034px\" class=\"wp-caption aligncenter\"><a href=\"http:\/\/www.radschlag.at\/wp-content\/uploads\/2015\/05\/Pohorela-2.jpg\"><img loading=\"lazy\" decoding=\"async\" aria-describedby=\"caption-attachment-706\" class=\"size-large wp-image-706\" src=\"http:\/\/www.radschlag.at\/wp-content\/uploads\/2015\/05\/Pohorela-2-1024x683.jpg\" alt=\"Blick auf Pohorela\" width=\"1024\" height=\"683\" srcset=\"http:\/\/www.radschlag.at\/wp-content\/uploads\/2015\/05\/Pohorela-2-1024x683.jpg 1024w, http:\/\/www.radschlag.at\/wp-content\/uploads\/2015\/05\/Pohorela-2-300x200.jpg 300w, http:\/\/www.radschlag.at\/wp-content\/uploads\/2015\/05\/Pohorela-2-379x254.jpg 379w, http:\/\/www.radschlag.at\/wp-content\/uploads\/2015\/05\/Pohorela-2.jpg 1500w\" sizes=\"(max-width: 1024px) 100vw, 1024px\" \/><\/a><p id=\"caption-attachment-706\" class=\"wp-caption-text\">Blick auf Pohorela<\/p><\/div>\n<div id=\"attachment_708\" style=\"width: 1034px\" class=\"wp-caption aligncenter\"><a href=\"http:\/\/www.radschlag.at\/wp-content\/uploads\/2015\/05\/Pohorela-4.jpg\"><img loading=\"lazy\" decoding=\"async\" aria-describedby=\"caption-attachment-708\" class=\"size-large wp-image-708\" src=\"http:\/\/www.radschlag.at\/wp-content\/uploads\/2015\/05\/Pohorela-4-1024x683.jpg\" alt=\"Schafbauern in der Umgebung\" width=\"1024\" height=\"683\" srcset=\"http:\/\/www.radschlag.at\/wp-content\/uploads\/2015\/05\/Pohorela-4-1024x683.jpg 1024w, http:\/\/www.radschlag.at\/wp-content\/uploads\/2015\/05\/Pohorela-4-300x200.jpg 300w, http:\/\/www.radschlag.at\/wp-content\/uploads\/2015\/05\/Pohorela-4-379x254.jpg 379w, http:\/\/www.radschlag.at\/wp-content\/uploads\/2015\/05\/Pohorela-4.jpg 1500w\" sizes=\"(max-width: 1024px) 100vw, 1024px\" \/><\/a><p id=\"caption-attachment-708\" class=\"wp-caption-text\">Schafbauern in der Umgebung<\/p><\/div>\n<div id=\"attachment_714\" style=\"width: 1034px\" class=\"wp-caption aligncenter\"><a href=\"http:\/\/www.radschlag.at\/wp-content\/uploads\/2015\/05\/Pohorela-10.jpg\"><img loading=\"lazy\" decoding=\"async\" aria-describedby=\"caption-attachment-714\" class=\"size-large wp-image-714\" src=\"http:\/\/www.radschlag.at\/wp-content\/uploads\/2015\/05\/Pohorela-10-1024x683.jpg\" alt=\"auch Marta hat einen kleinen Hof\" width=\"1024\" height=\"683\" srcset=\"http:\/\/www.radschlag.at\/wp-content\/uploads\/2015\/05\/Pohorela-10-1024x683.jpg 1024w, http:\/\/www.radschlag.at\/wp-content\/uploads\/2015\/05\/Pohorela-10-300x200.jpg 300w, http:\/\/www.radschlag.at\/wp-content\/uploads\/2015\/05\/Pohorela-10-379x254.jpg 379w, http:\/\/www.radschlag.at\/wp-content\/uploads\/2015\/05\/Pohorela-10.jpg 1500w\" sizes=\"(max-width: 1024px) 100vw, 1024px\" \/><\/a><p id=\"caption-attachment-714\" class=\"wp-caption-text\">auch Marta hat einen kleinen Hof<\/p><\/div>\n<div id=\"attachment_715\" style=\"width: 1034px\" class=\"wp-caption aligncenter\"><a href=\"http:\/\/www.radschlag.at\/wp-content\/uploads\/2015\/05\/Pohorela-11.jpg\"><img loading=\"lazy\" decoding=\"async\" aria-describedby=\"caption-attachment-715\" class=\"size-large wp-image-715\" src=\"http:\/\/www.radschlag.at\/wp-content\/uploads\/2015\/05\/Pohorela-11-1024x683.jpg\" alt=\"und immer gibt es Slivovica, von Marta &quot;Medizin&quot; genannt\" width=\"1024\" height=\"683\" srcset=\"http:\/\/www.radschlag.at\/wp-content\/uploads\/2015\/05\/Pohorela-11-1024x683.jpg 1024w, http:\/\/www.radschlag.at\/wp-content\/uploads\/2015\/05\/Pohorela-11-300x200.jpg 300w, http:\/\/www.radschlag.at\/wp-content\/uploads\/2015\/05\/Pohorela-11-379x254.jpg 379w, http:\/\/www.radschlag.at\/wp-content\/uploads\/2015\/05\/Pohorela-11.jpg 1500w\" sizes=\"(max-width: 1024px) 100vw, 1024px\" \/><\/a><p id=\"caption-attachment-715\" class=\"wp-caption-text\">und immer gibt es Slivovica, von Marta &#8220;Medizin&#8221; genannt<\/p><\/div>\n<div id=\"attachment_719\" style=\"width: 1034px\" class=\"wp-caption aligncenter\"><a href=\"http:\/\/www.radschlag.at\/wp-content\/uploads\/2015\/05\/Pohorela-15.jpg\"><img loading=\"lazy\" decoding=\"async\" aria-describedby=\"caption-attachment-719\" class=\"size-large wp-image-719\" src=\"http:\/\/www.radschlag.at\/wp-content\/uploads\/2015\/05\/Pohorela-15-1024x683.jpg\" alt=\"wilde Hengste\" width=\"1024\" height=\"683\" srcset=\"http:\/\/www.radschlag.at\/wp-content\/uploads\/2015\/05\/Pohorela-15-1024x683.jpg 1024w, http:\/\/www.radschlag.at\/wp-content\/uploads\/2015\/05\/Pohorela-15-300x200.jpg 300w, http:\/\/www.radschlag.at\/wp-content\/uploads\/2015\/05\/Pohorela-15-379x254.jpg 379w, http:\/\/www.radschlag.at\/wp-content\/uploads\/2015\/05\/Pohorela-15.jpg 1500w\" sizes=\"(max-width: 1024px) 100vw, 1024px\" \/><\/a><p id=\"caption-attachment-719\" class=\"wp-caption-text\">wilde Hengste<\/p><\/div>\n<p><a href=\"http:\/\/www.radschlag.at\/wp-content\/uploads\/2015\/05\/Tracht-Pohorela-1.jpg\"><img loading=\"lazy\" decoding=\"async\" class=\"aligncenter size-large wp-image-740\" src=\"http:\/\/www.radschlag.at\/wp-content\/uploads\/2015\/05\/Tracht-Pohorela-1-1024x682.jpg\" alt=\"Tracht Pohorela 1\" width=\"1024\" height=\"682\" srcset=\"http:\/\/www.radschlag.at\/wp-content\/uploads\/2015\/05\/Tracht-Pohorela-1-1024x682.jpg 1024w, http:\/\/www.radschlag.at\/wp-content\/uploads\/2015\/05\/Tracht-Pohorela-1-300x200.jpg 300w, http:\/\/www.radschlag.at\/wp-content\/uploads\/2015\/05\/Tracht-Pohorela-1.jpg 2000w\" sizes=\"(max-width: 1024px) 100vw, 1024px\" \/><\/a><\/p>\n<div id=\"attachment_782\" style=\"width: 1034px\" class=\"wp-caption aligncenter\"><a href=\"http:\/\/www.radschlag.at\/wp-content\/uploads\/2015\/05\/Hohe-Tatra-4.jpg\"><img loading=\"lazy\" decoding=\"async\" aria-describedby=\"caption-attachment-782\" class=\"size-large wp-image-782\" src=\"http:\/\/www.radschlag.at\/wp-content\/uploads\/2015\/05\/Hohe-Tatra-4-1024x682.jpg\" alt=\"wirklich wahr, so steil war es da!\" width=\"1024\" height=\"682\" srcset=\"http:\/\/www.radschlag.at\/wp-content\/uploads\/2015\/05\/Hohe-Tatra-4.jpg 1024w, http:\/\/www.radschlag.at\/wp-content\/uploads\/2015\/05\/Hohe-Tatra-4-300x200.jpg 300w\" sizes=\"(max-width: 1024px) 100vw, 1024px\" \/><\/a><p id=\"caption-attachment-782\" class=\"wp-caption-text\">wirklich wahr, so steil war es da!<\/p><\/div>\n<div id=\"attachment_784\" style=\"width: 1034px\" class=\"wp-caption aligncenter\"><a href=\"http:\/\/www.radschlag.at\/wp-content\/uploads\/2015\/05\/Hohe-Tatra-6.jpg\"><img loading=\"lazy\" decoding=\"async\" aria-describedby=\"caption-attachment-784\" class=\"size-large wp-image-784\" src=\"http:\/\/www.radschlag.at\/wp-content\/uploads\/2015\/05\/Hohe-Tatra-6-1024x682.jpg\" alt=\"ein Handstand der puren Freude\" width=\"1024\" height=\"682\" srcset=\"http:\/\/www.radschlag.at\/wp-content\/uploads\/2015\/05\/Hohe-Tatra-6.jpg 1024w, http:\/\/www.radschlag.at\/wp-content\/uploads\/2015\/05\/Hohe-Tatra-6-300x200.jpg 300w\" sizes=\"(max-width: 1024px) 100vw, 1024px\" \/><\/a><p id=\"caption-attachment-784\" class=\"wp-caption-text\">ein Handstand der puren Freude<\/p><\/div>\n<div id=\"attachment_786\" style=\"width: 1034px\" class=\"wp-caption aligncenter\"><a href=\"http:\/\/www.radschlag.at\/wp-content\/uploads\/2015\/05\/Hohe-Tatra-8.jpg\"><img loading=\"lazy\" decoding=\"async\" aria-describedby=\"caption-attachment-786\" class=\"size-large wp-image-786\" src=\"http:\/\/www.radschlag.at\/wp-content\/uploads\/2015\/05\/Hohe-Tatra-8-1024x682.jpg\" alt=\"die letzte Kirche in der Slowakei\" width=\"1024\" height=\"682\" srcset=\"http:\/\/www.radschlag.at\/wp-content\/uploads\/2015\/05\/Hohe-Tatra-8.jpg 1024w, http:\/\/www.radschlag.at\/wp-content\/uploads\/2015\/05\/Hohe-Tatra-8-300x200.jpg 300w\" sizes=\"(max-width: 1024px) 100vw, 1024px\" \/><\/a><p id=\"caption-attachment-786\" class=\"wp-caption-text\">die letzte Kirche in der Slowakei<\/p><\/div>\n<p>&nbsp;<\/p>\n<p><a href=\"http:\/\/www.radschlag.at\/wp-content\/uploads\/2015\/05\/Radschlag-Alex.gif\"><img loading=\"lazy\" decoding=\"async\" class=\"aligncenter size-full wp-image-691\" src=\"http:\/\/www.radschlag.at\/wp-content\/uploads\/2015\/05\/Radschlag-Alex.gif\" alt=\"Radschlag-Alex\" width=\"600\" height=\"400\" \/><\/a><\/p>\n<div id=\"attachment_684\" style=\"width: 1034px\" class=\"wp-caption aligncenter\"><a href=\"http:\/\/www.radschlag.at\/wp-content\/uploads\/2015\/05\/Slowakei-12.jpg\"><img loading=\"lazy\" decoding=\"async\" aria-describedby=\"caption-attachment-684\" class=\"size-large wp-image-684\" src=\"http:\/\/www.radschlag.at\/wp-content\/uploads\/2015\/05\/Slowakei-12-1024x682.jpg\" alt=\"Die Steigungen werden anstrengender und man merkt, dass die Berge der Hohen Tatra vor uns liegen.\" width=\"1024\" height=\"682\" srcset=\"http:\/\/www.radschlag.at\/wp-content\/uploads\/2015\/05\/Slowakei-12.jpg 1024w, http:\/\/www.radschlag.at\/wp-content\/uploads\/2015\/05\/Slowakei-12-300x200.jpg 300w\" sizes=\"(max-width: 1024px) 100vw, 1024px\" \/><\/a><p id=\"caption-attachment-684\" class=\"wp-caption-text\">Die Steigungen werden anstrengender und man merkt, dass die Berge der Hohen Tatra vor uns liegen.<\/p><\/div>\n<div id=\"attachment_682\" style=\"width: 1034px\" class=\"wp-caption aligncenter\"><a href=\"http:\/\/www.radschlag.at\/wp-content\/uploads\/2015\/05\/Slowakei-10.jpg\"><img loading=\"lazy\" decoding=\"async\" aria-describedby=\"caption-attachment-682\" class=\"size-large wp-image-682\" src=\"http:\/\/www.radschlag.at\/wp-content\/uploads\/2015\/05\/Slowakei-10-1024x682.jpg\" alt=\"Kirche in Zvolen\" width=\"1024\" height=\"682\" srcset=\"http:\/\/www.radschlag.at\/wp-content\/uploads\/2015\/05\/Slowakei-10.jpg 1024w, http:\/\/www.radschlag.at\/wp-content\/uploads\/2015\/05\/Slowakei-10-300x200.jpg 300w\" sizes=\"(max-width: 1024px) 100vw, 1024px\" \/><\/a><p id=\"caption-attachment-682\" class=\"wp-caption-text\">Kirche in Zvolen<\/p><\/div>\n<div id=\"attachment_681\" style=\"width: 1034px\" class=\"wp-caption aligncenter\"><a href=\"http:\/\/www.radschlag.at\/wp-content\/uploads\/2015\/05\/Slowakei-9.jpg\"><img loading=\"lazy\" decoding=\"async\" aria-describedby=\"caption-attachment-681\" class=\"size-large wp-image-681\" src=\"http:\/\/www.radschlag.at\/wp-content\/uploads\/2015\/05\/Slowakei-9-1024x682.jpg\" alt=\"Die Stimmung ist nach wie vor super!\" width=\"1024\" height=\"682\" srcset=\"http:\/\/www.radschlag.at\/wp-content\/uploads\/2015\/05\/Slowakei-9.jpg 1024w, http:\/\/www.radschlag.at\/wp-content\/uploads\/2015\/05\/Slowakei-9-300x200.jpg 300w\" sizes=\"(max-width: 1024px) 100vw, 1024px\" \/><\/a><p id=\"caption-attachment-681\" class=\"wp-caption-text\">Die Stimmung ist nach wie vor super!<\/p><\/div>\n<div id=\"attachment_678\" style=\"width: 1034px\" class=\"wp-caption aligncenter\"><a href=\"http:\/\/www.radschlag.at\/wp-content\/uploads\/2015\/05\/Slowakei-6.jpg\"><img loading=\"lazy\" decoding=\"async\" aria-describedby=\"caption-attachment-678\" class=\"size-large wp-image-678\" src=\"http:\/\/www.radschlag.at\/wp-content\/uploads\/2015\/05\/Slowakei-6-1024x682.jpg\" alt=\"Das Wetter war nicht immer ideal. Es gab auch niedrige Temperaturen, Wind und Regen\" width=\"1024\" height=\"682\" srcset=\"http:\/\/www.radschlag.at\/wp-content\/uploads\/2015\/05\/Slowakei-6.jpg 1024w, http:\/\/www.radschlag.at\/wp-content\/uploads\/2015\/05\/Slowakei-6-300x200.jpg 300w\" sizes=\"(max-width: 1024px) 100vw, 1024px\" \/><\/a><p id=\"caption-attachment-678\" class=\"wp-caption-text\">Das Wetter war nicht immer ideal. Es gab auch niedrige Temperaturen, Wind und Regen<\/p><\/div>\n<div id=\"attachment_676\" style=\"width: 1034px\" class=\"wp-caption aligncenter\"><a href=\"http:\/\/www.radschlag.at\/wp-content\/uploads\/2015\/05\/Slowakei-4.jpg\"><img loading=\"lazy\" decoding=\"async\" aria-describedby=\"caption-attachment-676\" class=\"size-large wp-image-676\" src=\"http:\/\/www.radschlag.at\/wp-content\/uploads\/2015\/05\/Slowakei-4-1024x682.jpg\" alt=\"K\u00f6stliches Mahl bei unserer netten Gastgeberin in Nov\u00e9 Z\u00e1mky\" width=\"1024\" height=\"682\" srcset=\"http:\/\/www.radschlag.at\/wp-content\/uploads\/2015\/05\/Slowakei-4.jpg 1024w, http:\/\/www.radschlag.at\/wp-content\/uploads\/2015\/05\/Slowakei-4-300x200.jpg 300w\" sizes=\"(max-width: 1024px) 100vw, 1024px\" \/><\/a><p id=\"caption-attachment-676\" class=\"wp-caption-text\">K\u00f6stliches Mahl bei unserer netten Gastgeberin in Nov\u00e9 Z\u00e1mky<\/p><\/div>\n<div id=\"attachment_674\" style=\"width: 1034px\" class=\"wp-caption aligncenter\"><a href=\"http:\/\/www.radschlag.at\/wp-content\/uploads\/2015\/05\/Slowakei-2.jpg\"><img loading=\"lazy\" decoding=\"async\" aria-describedby=\"caption-attachment-674\" class=\"size-large wp-image-674\" src=\"http:\/\/www.radschlag.at\/wp-content\/uploads\/2015\/05\/Slowakei-2-1024x682.jpg\" alt=\"Offroad im slowakischen Dschungel\" width=\"1024\" height=\"682\" srcset=\"http:\/\/www.radschlag.at\/wp-content\/uploads\/2015\/05\/Slowakei-2.jpg 1024w, http:\/\/www.radschlag.at\/wp-content\/uploads\/2015\/05\/Slowakei-2-300x200.jpg 300w\" sizes=\"(max-width: 1024px) 100vw, 1024px\" \/><\/a><p id=\"caption-attachment-674\" class=\"wp-caption-text\">Offroad im slowakischen Dschungel<\/p><\/div>\n","protected":false},"excerpt":{"rendered":"<p>&nbsp; &nbsp;<\/p>\n","protected":false},"author":1,"featured_media":0,"parent":0,"menu_order":0,"comment_status":"open","ping_status":"open","template":"","meta":{"_monsterinsights_skip_tracking":false,"_monsterinsights_sitenote_active":false,"_monsterinsights_sitenote_note":"","_monsterinsights_sitenote_category":0,"footnotes":""},"yoast_head":"<!-- This site is optimized with the Yoast SEO plugin v22.9 - https:\/\/yoast.com\/wordpress\/plugins\/seo\/ -->\n<title>Slovakia - Radschlag<\/title>\n<meta name=\"robots\" content=\"index, follow, max-snippet:-1, max-image-preview:large, max-video-preview:-1\" \/>\n<link rel=\"canonical\" href=\"http:\/\/www.radschlag.at\/en\/slovakia\/\" \/>\n<meta property=\"og:locale\" content=\"en_US\" \/>\n<meta property=\"og:type\" content=\"article\" \/>\n<meta property=\"og:title\" content=\"Slovakia - Radschlag\" \/>\n<meta property=\"og:description\" content=\"&nbsp; &nbsp;\" \/>\n<meta property=\"og:url\" content=\"http:\/\/www.radschlag.at\/en\/slovakia\/\" \/>\n<meta property=\"og:site_name\" content=\"Radschlag\" \/>\n<meta property=\"article:modified_time\" content=\"2015-07-12T15:17:48+00:00\" \/>\n<meta property=\"og:image\" content=\"http:\/\/www.radschlag.at\/wp-content\/uploads\/2015\/05\/Pohorela-2-1024x683.jpg\" \/>\n<meta name=\"twitter:label1\" content=\"Est. reading time\" \/>\n\t<meta name=\"twitter:data1\" content=\"1 minute\" \/>\n<script type=\"application\/ld+json\" class=\"yoast-schema-graph\">{\"@context\":\"https:\/\/schema.org\",\"@graph\":[{\"@type\":\"WebPage\",\"@id\":\"http:\/\/www.radschlag.at\/en\/slovakia\/\",\"url\":\"http:\/\/www.radschlag.at\/en\/slovakia\/\",\"name\":\"Slovakia - Radschlag\",\"isPartOf\":{\"@id\":\"http:\/\/www.radschlag.at\/#website\"},\"primaryImageOfPage\":{\"@id\":\"http:\/\/www.radschlag.at\/en\/slovakia\/#primaryimage\"},\"image\":{\"@id\":\"http:\/\/www.radschlag.at\/en\/slovakia\/#primaryimage\"},\"thumbnailUrl\":\"http:\/\/www.radschlag.at\/wp-content\/uploads\/2015\/05\/Pohorela-2-1024x683.jpg\",\"datePublished\":\"2015-05-19T20:07:02+00:00\",\"dateModified\":\"2015-07-12T15:17:48+00:00\",\"breadcrumb\":{\"@id\":\"http:\/\/www.radschlag.at\/en\/slovakia\/#breadcrumb\"},\"inLanguage\":\"en-US\",\"potentialAction\":[{\"@type\":\"ReadAction\",\"target\":[\"http:\/\/www.radschlag.at\/en\/slovakia\/\"]}]},{\"@type\":\"ImageObject\",\"inLanguage\":\"en-US\",\"@id\":\"http:\/\/www.radschlag.at\/en\/slovakia\/#primaryimage\",\"url\":\"http:\/\/www.radschlag.at\/wp-content\/uploads\/2015\/05\/Pohorela-2-1024x683.jpg\",\"contentUrl\":\"http:\/\/www.radschlag.at\/wp-content\/uploads\/2015\/05\/Pohorela-2-1024x683.jpg\"},{\"@type\":\"BreadcrumbList\",\"@id\":\"http:\/\/www.radschlag.at\/en\/slovakia\/#breadcrumb\",\"itemListElement\":[{\"@type\":\"ListItem\",\"position\":1,\"name\":\"Startseite\",\"item\":\"http:\/\/www.radschlag.at\/\"},{\"@type\":\"ListItem\",\"position\":2,\"name\":\"Slovakia\"}]},{\"@type\":\"WebSite\",\"@id\":\"http:\/\/www.radschlag.at\/#website\",\"url\":\"http:\/\/www.radschlag.at\/\",\"name\":\"Radschlag\",\"description\":\"\",\"potentialAction\":[{\"@type\":\"SearchAction\",\"target\":{\"@type\":\"EntryPoint\",\"urlTemplate\":\"http:\/\/www.radschlag.at\/?s={search_term_string}\"},\"query-input\":\"required name=search_term_string\"}],\"inLanguage\":\"en-US\"}]}<\/script>\n<!-- \/ Yoast SEO plugin. -->","yoast_head_json":{"title":"Slovakia - Radschlag","robots":{"index":"index","follow":"follow","max-snippet":"max-snippet:-1","max-image-preview":"max-image-preview:large","max-video-preview":"max-video-preview:-1"},"canonical":"http:\/\/www.radschlag.at\/en\/slovakia\/","og_locale":"en_US","og_type":"article","og_title":"Slovakia - Radschlag","og_description":"&nbsp; &nbsp;","og_url":"http:\/\/www.radschlag.at\/en\/slovakia\/","og_site_name":"Radschlag","article_modified_time":"2015-07-12T15:17:48+00:00","og_image":[{"url":"http:\/\/www.radschlag.at\/wp-content\/uploads\/2015\/05\/Pohorela-2-1024x683.jpg"}],"twitter_misc":{"Est. reading time":"1 minute"},"schema":{"@context":"https:\/\/schema.org","@graph":[{"@type":"WebPage","@id":"http:\/\/www.radschlag.at\/en\/slovakia\/","url":"http:\/\/www.radschlag.at\/en\/slovakia\/","name":"Slovakia - Radschlag","isPartOf":{"@id":"http:\/\/www.radschlag.at\/#website"},"primaryImageOfPage":{"@id":"http:\/\/www.radschlag.at\/en\/slovakia\/#primaryimage"},"image":{"@id":"http:\/\/www.radschlag.at\/en\/slovakia\/#primaryimage"},"thumbnailUrl":"http:\/\/www.radschlag.at\/wp-content\/uploads\/2015\/05\/Pohorela-2-1024x683.jpg","datePublished":"2015-05-19T20:07:02+00:00","dateModified":"2015-07-12T15:17:48+00:00","breadcrumb":{"@id":"http:\/\/www.radschlag.at\/en\/slovakia\/#breadcrumb"},"inLanguage":"en-US","potentialAction":[{"@type":"ReadAction","target":["http:\/\/www.radschlag.at\/en\/slovakia\/"]}]},{"@type":"ImageObject","inLanguage":"en-US","@id":"http:\/\/www.radschlag.at\/en\/slovakia\/#primaryimage","url":"http:\/\/www.radschlag.at\/wp-content\/uploads\/2015\/05\/Pohorela-2-1024x683.jpg","contentUrl":"http:\/\/www.radschlag.at\/wp-content\/uploads\/2015\/05\/Pohorela-2-1024x683.jpg"},{"@type":"BreadcrumbList","@id":"http:\/\/www.radschlag.at\/en\/slovakia\/#breadcrumb","itemListElement":[{"@type":"ListItem","position":1,"name":"Startseite","item":"http:\/\/www.radschlag.at\/"},{"@type":"ListItem","position":2,"name":"Slovakia"}]},{"@type":"WebSite","@id":"http:\/\/www.radschlag.at\/#website","url":"http:\/\/www.radschlag.at\/","name":"Radschlag","description":"","potentialAction":[{"@type":"SearchAction","target":{"@type":"EntryPoint","urlTemplate":"http:\/\/www.radschlag.at\/?s={search_term_string}"},"query-input":"required name=search_term_string"}],"inLanguage":"en-US"}]}},"_links":{"self":[{"href":"http:\/\/www.radschlag.at\/en\/wp-json\/wp\/v2\/pages\/701"}],"collection":[{"href":"http:\/\/www.radschlag.at\/en\/wp-json\/wp\/v2\/pages"}],"about":[{"href":"http:\/\/www.radschlag.at\/en\/wp-json\/wp\/v2\/types\/page"}],"author":[{"embeddable":true,"href":"http:\/\/www.radschlag.at\/en\/wp-json\/wp\/v2\/users\/1"}],"replies":[{"embeddable":true,"href":"http:\/\/www.radschlag.at\/en\/wp-json\/wp\/v2\/comments?post=701"}],"version-history":[{"count":8,"href":"http:\/\/www.radschlag.at\/en\/wp-json\/wp\/v2\/pages\/701\/revisions"}],"predecessor-version":[{"id":1239,"href":"http:\/\/www.radschlag.at\/en\/wp-json\/wp\/v2\/pages\/701\/revisions\/1239"}],"wp:attachment":[{"href":"http:\/\/www.radschlag.at\/en\/wp-json\/wp\/v2\/media?parent=701"}],"curies":[{"name":"wp","href":"https:\/\/api.w.org\/{rel}","templated":true}]}}